{"id":19,"date":"2018-04-24T23:07:14","date_gmt":"2018-04-24T21:07:14","guid":{"rendered":"http:\/\/www.mamrecooperativa.org\/?page_id=19"},"modified":"2018-04-25T18:28:05","modified_gmt":"2018-04-25T16:28:05","slug":"inserimento-lavorativo","status":"publish","type":"page","link":"https:\/\/www.mamrecooperativa.it\/?page_id=19","title":{"rendered":"Inserimento Lavorativo"},"content":{"rendered":"<p align=\"JUSTIFY\"><b>INSERIMENTO LAVORATIVO: PROGETTO SPERIMENTALE \u201cF.I.L. PROJECT\u201d<\/b><\/p>\n<p align=\"JUSTIFY\"><span style=\"color: #262626;\">La Cooperativa Sociale Mamr\u00e8 Onlus e La Parrocchia Santa Maria del Suffragio, si prefigge di promuovere la cittadinanza attiva dei giovani svantaggiati, al fine di sostenere la loro capacit\u00e0 progettuale e creativa per favorire la partecipazione all\u2019elaborazione di politiche condivise a loro destinate e incentivare l\u2019assunzione di responsabilit\u00e0 personali e collettive. Il progetto rientra tra gli obiettivi della Cooperativa Sociale Mamr\u00e8 Onlus giacch\u00e9 quest\u2019ultima, cos\u00ec come previsto dall&#8217;art. 1 della legge n.283 del 1991, detiene lo scopo mutualistico ed opera al perseguimento dell&#8217;interesse generale della comunit\u00e0 alla promozione umana e all&#8217;integrazione sociale dei cittadini attraverso la gestione di servizi e attivit\u00e0, finalizzati all&#8217;inserimento lavorativo delle persone svantaggiate. Cos\u00ec come identificate dall&#8217;art. 4 della legge n.381\/1991. <\/span><\/p>\n<p align=\"JUSTIFY\"><span style=\"color: #262626;\">OBIETTIVO DEL PROGETTO<\/span><\/p>\n<p align=\"JUSTIFY\"><span style=\"color: #262626;\">L\u2019obiettivo principale del progetto \u00e8 la creazione di processi\/percorsi innovativi e creativi volti all\u2019incentivo dell\u2019occupazione giovanile atti a rafforzare la reciproca conoscenza e consapevolezza sulle potenzialit\u00e0, sui punti di forza e debolezza, sulle competenze e le capacit\u00e0 delle persone impegnate nel progetto attraverso la condivisione di un percorso comune.<\/span><\/p>\n<p align=\"JUSTIFY\"><span style=\"color: #262626;\">Il progetto, peraltro, vuole essere un laboratorio in cui si sperimentano concretamente processi innovativi, paradigmatici di \u201cbuone pratiche\u201d, adatte a formare i giovani candidati, con l\u2019obiettivo da un lato, di offrire la formazione specifica per l\u2019esercizio dell\u2019attivit\u00e0 lavorativa, dall\u2019altro avviare un processo d\u2019inserimento lavorativo in ambito cooperativo, contribuendo fattivamente alla minimizzazione del problema della disoccupazione giovanile. <\/span><\/p>\n<p align=\"JUSTIFY\"><span style=\"color: #262626;\">Il progetto \u201cF.I.L. PROJECT\u201d promuove il sostegno di giovani in difficolt\u00e0 che dimostrino di avere volont\u00e0 e capacit\u00e0 nel formarsi in ambito lavorativo con l\u2019obiettivo di creare una reale occupazione nel tempo, attraverso la produzione di prodotti capaci di sostenere la Societ\u00e0 Cooperativa sociale Mamr\u00e8 dando risposte efficaci e sostenibili a bisogni critici emergenti. Il tutto sempre relazionato all\u2019impatto rispetto alla comunit\u00e0, tanto in termini dimensionali quanto degli interlocutori coinvolti. Le linee previste sono due :<\/span><\/p>\n<p align=\"JUSTIFY\"><span style=\"color: #262626;\">1. LABORATORIO DI CERAMICA;<\/span><\/p>\n<p align=\"JUSTIFY\"><span style=\"color: #262626;\">2. LABORATORIO SARTORIALE;<\/span><\/p>\n","protected":false},"excerpt":{"rendered":"<p>INSERIMENTO LAVORATIVO: PROGETTO SPERIMENTALE \u201cF.I.L. PROJECT\u201d La Cooperativa Sociale Mamr\u00e8 Onlus e La Parrocchia Santa Maria del Suffragio, si prefigge di promuovere la cittadinanza attiva dei giovani svantaggiati, al fine di sostenere la loro capacit\u00e0 progettuale e creativa per favorire la partecipazione all\u2019elaborazione di politiche condivise a loro destinate e incentivare l\u2019assunzione di responsabilit\u00e0 personali [&hellip;]<\/p>\n","protected":false},"author":1,"featured_media":162,"parent":0,"menu_order":0,"comment_status":"closed","ping_status":"closed","template":"","meta":{"footnotes":""},"class_list":["post-19","page","type-page","status-publish","has-post-thumbnail","hentry"],"_links":{"self":[{"href":"https:\/\/www.mamrecooperativa.it\/index.php?rest_route=\/wp\/v2\/pages\/19","targetHints":{"allow":["GET"]}}],"collection":[{"href":"https:\/\/www.mamrecooperativa.it\/index.php?rest_route=\/wp\/v2\/pages"}],"about":[{"href":"https:\/\/www.mamrecooperativa.it\/index.php?rest_route=\/wp\/v2\/types\/page"}],"author":[{"embeddable":true,"href":"https:\/\/www.mamrecooperativa.it\/index.php?rest_route=\/wp\/v2\/users\/1"}],"replies":[{"embeddable":true,"href":"https:\/\/www.mamrecooperativa.it\/index.php?rest_route=%2Fwp%2Fv2%2Fcomments&post=19"}],"version-history":[{"count":2,"href":"https:\/\/www.mamrecooperativa.it\/index.php?rest_route=\/wp\/v2\/pages\/19\/revisions"}],"predecessor-version":[{"id":21,"href":"https:\/\/www.mamrecooperativa.it\/index.php?rest_route=\/wp\/v2\/pages\/19\/revisions\/21"}],"wp:featuredmedia":[{"embeddable":true,"href":"https:\/\/www.mamrecooperativa.it\/index.php?rest_route=\/wp\/v2\/media\/162"}],"wp:attachment":[{"href":"https:\/\/www.mamrecooperativa.it\/index.php?rest_route=%2Fwp%2Fv2%2Fmedia&parent=19"}],"curies":[{"name":"wp","href":"https:\/\/api.w.org\/{rel}","templated":true}]}}