{"id":15,"date":"2018-04-24T23:05:51","date_gmt":"2018-04-24T21:05:51","guid":{"rendered":"http:\/\/www.mamrecooperativa.org\/?page_id=15"},"modified":"2018-04-25T18:32:42","modified_gmt":"2018-04-25T16:32:42","slug":"centro-ascolto","status":"publish","type":"page","link":"https:\/\/www.mamrecooperativa.it\/?page_id=15","title":{"rendered":"Centro Ascolto"},"content":{"rendered":"<p><strong><span style=\"color: #262626;\"><img loading=\"lazy\" decoding=\"async\" class=\"alignnone size-medium wp-image-135 alignleft\" src=\"http:\/\/www.mamrecooperativa.org\/wp-content\/uploads\/2018\/04\/sportello-informativo-215x300.png\" alt=\"\" width=\"215\" height=\"300\" srcset=\"https:\/\/www.mamrecooperativa.it\/wp-content\/uploads\/2018\/04\/sportello-informativo-215x300.png 215w, https:\/\/www.mamrecooperativa.it\/wp-content\/uploads\/2018\/04\/sportello-informativo.png 533w\" sizes=\"auto, (max-width: 215px) 100vw, 215px\" \/>Che cosa \u00e8 un centro ascolto?<\/span><\/strong><\/p>\n<ol>\n<li><span style=\"color: #262626;\">E&#8217; uno strumento di sostegno sociale e di servizio effettivo alle persone<\/span><\/li>\n<li><span style=\"color: #262626;\">E&#8217; un\u2019 antenna dei bisogni esistenti nel territorio<\/span><\/li>\n<li><span style=\"color: #262626;\">E&#8217; uno strumento di solidariet\u00e0 che diffonde una cultura di solidariet\u00e0<\/span><\/li>\n<\/ol>\n<p><strong><span style=\"color: #262626;\">Obiettivi e funzioni<\/span><\/strong><\/p>\n<p align=\"JUSTIFY\"><span style=\"color: #262626;\">\u00a0L\u2019obiettivo prioritario\u00a0di un Centro di Ascolto \u00e8 quello di contribuire a far crescere una cultura di solidariet\u00e0 nei confronti:<\/span><\/p>\n<ol>\n<li>\n<p align=\"JUSTIFY\"><span style=\"color: #262626;\">delle persone ascoltate affinch\u00e9 ritrovino fiducia in se stesse e negli altri, prendano coscienza della propria situazione e riescano a stabilire relazioni costruttive;<\/span><\/p>\n<\/li>\n<li>\n<p align=\"JUSTIFY\"><span style=\"color: #262626;\">della comunit\u00e0 cristiana affinch\u00e9 sia stimolata a vivere il proprio essere in \u201ccomunione\u201d,\u00a0 ad assumere uno stile di \u201cprossimit\u00e0\u201d attento alla persona, capace di valorizzare le relazioni interpersonali;<\/span><\/p>\n<\/li>\n<li>\n<p align=\"JUSTIFY\"><span style=\"color: #262626;\">della societ\u00e0 civile e delle istituzioni locali affinch\u00e9 sappiano mantenersi attente alle situazioni di povert\u00e0 presenti sul proprio territorio, facendosene carico concretamente e rendendosene corresponsabili.<\/span><\/p>\n<\/li>\n<\/ol>\n<p><span style=\"color: #262626;\">COME&#8230;Ascoltando, orientando, prendendo in carico<\/span><\/p>\n<p align=\"JUSTIFY\"><span style=\"color: #262626;\">\u00a0<\/span><span style=\"color: #262626;\"><b>Ascoltare significa<\/b><\/span><span style=\"color: #262626;\">:<\/span><\/p>\n<ul>\n<li><span style=\"color: #262626;\">accogliere la persona al di l\u00e0 del suo bisogno;<\/span><\/li>\n<li><span style=\"color: #262626;\">cercare di capire il suo problema reale e la sua situazione complessiva;<\/span><\/li>\n<li><span style=\"color: #262626;\">ipotizzare soluzioni che la coinvolgano, attivino le sue capacit\u00e0 e stimolino un cambiamento del suo stile di vita;<\/span><\/li>\n<li><span style=\"color: #262626;\">attivare risorse in grado di offrire una risposta;<\/span><\/li>\n<li><span style=\"color: #262626;\">\u00a0acquisire una profonda consapevolezza di s\u00e9 (risorse, potenzialit\u00e0 ma anche pregiudizi e\u00a0 limiti).<\/span><\/li>\n<\/ul>\n<p><span style=\"color: #262626;\"><b>Orientare significa<\/b><\/span><span style=\"color: #262626;\">:\u00a0<\/span><\/p>\n<ul>\n<li><span style=\"color: #262626;\">aiutare la persona ad analizzare il bisogno espresso in relazione alla propria situazione complessiva;<\/span><\/li>\n<li><span style=\"color: #262626;\">fornire informazioni sulle risorse del territorio, verificandone la comprensione da parte della persona;<\/span><\/li>\n<li><span style=\"color: #262626;\">inviare, accompagnando, la persona ai servizi pi\u00f9 adeguati per offrire una risposta.<\/span><\/li>\n<\/ul>\n<p align=\"JUSTIFY\"><span style=\"color: #262626;\">\u00a0<\/span><span style=\"color: #262626;\"><b>Prendere in carico significa<\/b><\/span><span style=\"color: #262626;\">:<\/span><\/p>\n<ul>\n<li>\n<p align=\"JUSTIFY\"><span style=\"color: #262626;\">accogliere la persona come \u201cunica\u201d, non come un caso da risolvere, ma come una storia da assumere, di cui farsi carico;<\/span><\/p>\n<\/li>\n<li>\n<p align=\"JUSTIFY\"><span style=\"color: #262626;\">\u00a0prendere coscienza del bisogno e delle possibilit\u00e0 concrete di affrontarlo;<\/span><\/p>\n<\/li>\n<li>\n<p align=\"JUSTIFY\"><span style=\"color: #262626;\">formulare un progetto con la persona che, partendo dalla sua situazione reale, valuti le risorse disponibili (formali e informali, della persona, della comunit\u00e0 e del territorio&#8230;), definisca degli obiettivi realistici, graduali e verificabili, individui le strategie e le modalit\u00e0 per affrontare il problema;<\/span><\/p>\n<\/li>\n<li>\n<p align=\"JUSTIFY\"><span style=\"color: #262626;\">accompagnare la persona nel percorso di ricerca delle soluzioni al suo problema, facendosi promotori del riconoscimento e delle tutela dei suoi diritti da parte dei servizi competenti, verificando che si facciano effettivamente carico della situazione e denunciando eventuali inadempienze.<\/span><\/p>\n<\/li>\n<\/ul>\n<p><span style=\"color: #262626;\"><b>Il progetto personale deve:<\/b><\/span><\/p>\n<ul>\n<li><span style=\"color: #262626;\">partire dalle condizioni della persona;\u00a0<\/span><\/li>\n<li><span style=\"color: #262626;\">\u00a0basarsi sulla conoscenza della persona;<\/span><\/li>\n<li><span style=\"color: #262626;\">avere obiettivi scanditi nel tempo e verificabili;<\/span><\/li>\n<li><span style=\"color: #262626;\">essere realizzato in collaborazione con i servizi di competenza.\u00a0<\/span><\/li>\n<\/ul>\n<p><span style=\"color: #262626;\">SERVIZI OFFERTI:<\/span><\/p>\n<p><span style=\"color: #262626;\"><i>1.Mediazione familiare;<\/i><\/span><\/p>\n<p><span style=\"color: #262626;\"><i>2. Consulenza Psicologica;<\/i><\/span><\/p>\n<p><span style=\"color: #262626;\"><i>3. Supporto alla genitorialit\u00e0;<\/i><\/span><\/p>\n<p><span style=\"color: #262626;\"><i>3. Segretariato sociale;<\/i><\/span><\/p>\n<p><span style=\"color: #262626;\"><i>4. Ascolto attivo;<\/i><\/span><\/p>\n<p><span style=\"color: #262626;\"><i>5. Consulenza Legale;<\/i><\/span><\/p>\n","protected":false},"excerpt":{"rendered":"<p>Che cosa \u00e8 un centro ascolto? E&#8217; uno strumento di sostegno sociale e di servizio effettivo alle persone E&#8217; un\u2019 antenna dei bisogni esistenti nel territorio E&#8217; uno strumento di solidariet\u00e0 che diffonde una cultura di solidariet\u00e0 Obiettivi e funzioni \u00a0L\u2019obiettivo prioritario\u00a0di un Centro di Ascolto \u00e8 quello di contribuire a far crescere una cultura [&hellip;]<\/p>\n","protected":false},"author":1,"featured_media":67,"parent":0,"menu_order":0,"comment_status":"closed","ping_status":"closed","template":"","meta":{"footnotes":""},"class_list":["post-15","page","type-page","status-publish","has-post-thumbnail","hentry"],"_links":{"self":[{"href":"https:\/\/www.mamrecooperativa.it\/index.php?rest_route=\/wp\/v2\/pages\/15","targetHints":{"allow":["GET"]}}],"collection":[{"href":"https:\/\/www.mamrecooperativa.it\/index.php?rest_route=\/wp\/v2\/pages"}],"about":[{"href":"https:\/\/www.mamrecooperativa.it\/index.php?rest_route=\/wp\/v2\/types\/page"}],"author":[{"embeddable":true,"href":"https:\/\/www.mamrecooperativa.it\/index.php?rest_route=\/wp\/v2\/users\/1"}],"replies":[{"embeddable":true,"href":"https:\/\/www.mamrecooperativa.it\/index.php?rest_route=%2Fwp%2Fv2%2Fcomments&post=15"}],"version-history":[{"count":7,"href":"https:\/\/www.mamrecooperativa.it\/index.php?rest_route=\/wp\/v2\/pages\/15\/revisions"}],"predecessor-version":[{"id":165,"href":"https:\/\/www.mamrecooperativa.it\/index.php?rest_route=\/wp\/v2\/pages\/15\/revisions\/165"}],"wp:featuredmedia":[{"embeddable":true,"href":"https:\/\/www.mamrecooperativa.it\/index.php?rest_route=\/wp\/v2\/media\/67"}],"wp:attachment":[{"href":"https:\/\/www.mamrecooperativa.it\/index.php?rest_route=%2Fwp%2Fv2%2Fmedia&parent=15"}],"curies":[{"name":"wp","href":"https:\/\/api.w.org\/{rel}","templated":true}]}}